{"id":13746,"date":"2023-06-06T13:17:36","date_gmt":"2023-06-06T11:17:36","guid":{"rendered":"https:\/\/www.bodegadelossecretos.com\/?page_id=13746"},"modified":"2023-06-07T14:28:21","modified_gmt":"2023-06-07T12:28:21","slug":"gifts","status":"publish","type":"page","link":"https:\/\/bodegadelossecretos.com\/en\/gifts\/","title":{"rendered":"Gifts"},"content":{"rendered":"","protected":false},"excerpt":{"rendered":"","protected":false},"author":1,"featured_media":0,"parent":0,"menu_order":0,"comment_status":"closed","ping_status":"closed","template":"","meta":{"footnotes":""},"class_list":["post-13746","page","type-page","status-publish","hentry"],"yoast_head":"<!-- This site is optimized with the Yoast SEO plugin v23.9 - https:\/\/yoast.com\/wordpress\/plugins\/seo\/ -->\n<title>Gifts - Bodega de los Secretos<\/title>\n<meta name=\"description\" content=\"Eventos especiales. Nuestro espacio ofrece un entorno que envolver\u00e1 a sus invitados en un ambiente \u00fanico que har\u00e1 de su evento una experiencia inolvidable.\" \/>\n<meta name=\"robots\" content=\"index, follow, max-snippet:-1, max-image-preview:large, max-video-preview:-1\" \/>\n<link rel=\"canonical\" href=\"https:\/\/bodegadelossecretos.com\/en\/gifts\/\" \/>\n<meta property=\"og:locale\" content=\"en_US\" \/>\n<meta property=\"og:type\" content=\"article\" \/>\n<meta property=\"og:title\" content=\"Gifts - Bodega de los Secretos\" \/>\n<meta property=\"og:description\" content=\"Eventos especiales. Nuestro espacio ofrece un entorno que envolver\u00e1 a sus invitados en un ambiente \u00fanico que har\u00e1 de su evento una experiencia inolvidable.\" \/>\n<meta property=\"og:url\" content=\"https:\/\/bodegadelossecretos.com\/en\/gifts\/\" \/>\n<meta property=\"og:site_name\" content=\"Bodega de los Secretos\" \/>\n<meta property=\"article:modified_time\" content=\"2023-06-07T12:28:21+00:00\" \/>\n<meta name=\"twitter:card\" content=\"summary_large_image\" \/>\n<script type=\"application\/ld+json\" class=\"yoast-schema-graph\">{\"@context\":\"https:\/\/schema.org\",\"@graph\":[{\"@type\":\"WebPage\",\"@id\":\"https:\/\/bodegadelossecretos.com\/en\/gifts\/\",\"url\":\"https:\/\/bodegadelossecretos.com\/en\/gifts\/\",\"name\":\"Gifts - Bodega de los Secretos\",\"isPartOf\":{\"@id\":\"https:\/\/bodegadelossecretos.com\/#website\"},\"datePublished\":\"2023-06-06T11:17:36+00:00\",\"dateModified\":\"2023-06-07T12:28:21+00:00\",\"description\":\"Eventos especiales. Nuestro espacio ofrece un entorno que envolver\u00e1 a sus invitados en un ambiente \u00fanico que har\u00e1 de su evento una experiencia inolvidable.\",\"breadcrumb\":{\"@id\":\"https:\/\/bodegadelossecretos.com\/en\/gifts\/#breadcrumb\"},\"inLanguage\":\"en-US\",\"potentialAction\":[{\"@type\":\"ReadAction\",\"target\":[\"https:\/\/bodegadelossecretos.com\/en\/gifts\/\"]}]},{\"@type\":\"BreadcrumbList\",\"@id\":\"https:\/\/bodegadelossecretos.com\/en\/gifts\/#breadcrumb\",\"itemListElement\":[{\"@type\":\"ListItem\",\"position\":1,\"name\":\"Portada\",\"item\":\"https:\/\/bodegadelossecretos.com\/en\/\"},{\"@type\":\"ListItem\",\"position\":2,\"name\":\"Gifts\"}]},{\"@type\":\"WebSite\",\"@id\":\"https:\/\/bodegadelossecretos.com\/#website\",\"url\":\"https:\/\/bodegadelossecretos.com\/\",\"name\":\"Bodega de los Secretos\",\"description\":\"Restaurante en el centro de Madrid\",\"potentialAction\":[{\"@type\":\"SearchAction\",\"target\":{\"@type\":\"EntryPoint\",\"urlTemplate\":\"https:\/\/bodegadelossecretos.com\/?s={search_term_string}\"},\"query-input\":{\"@type\":\"PropertyValueSpecification\",\"valueRequired\":true,\"valueName\":\"search_term_string\"}}],\"inLanguage\":\"en-US\"}]}<\/script>\n<!-- \/ Yoast SEO plugin. -->","yoast_head_json":{"title":"Gifts - Bodega de los Secretos","description":"Eventos especiales. Nuestro espacio ofrece un entorno que envolver\u00e1 a sus invitados en un ambiente \u00fanico que har\u00e1 de su evento una experiencia inolvidable.","robots":{"index":"index","follow":"follow","max-snippet":"max-snippet:-1","max-image-preview":"max-image-preview:large","max-video-preview":"max-video-preview:-1"},"canonical":"https:\/\/bodegadelossecretos.com\/en\/gifts\/","og_locale":"en_US","og_type":"article","og_title":"Gifts - Bodega de los Secretos","og_description":"Eventos especiales. Nuestro espacio ofrece un entorno que envolver\u00e1 a sus invitados en un ambiente \u00fanico que har\u00e1 de su evento una experiencia inolvidable.","og_url":"https:\/\/bodegadelossecretos.com\/en\/gifts\/","og_site_name":"Bodega de los Secretos","article_modified_time":"2023-06-07T12:28:21+00:00","twitter_card":"summary_large_image","schema":{"@context":"https:\/\/schema.org","@graph":[{"@type":"WebPage","@id":"https:\/\/bodegadelossecretos.com\/en\/gifts\/","url":"https:\/\/bodegadelossecretos.com\/en\/gifts\/","name":"Gifts - Bodega de los Secretos","isPartOf":{"@id":"https:\/\/bodegadelossecretos.com\/#website"},"datePublished":"2023-06-06T11:17:36+00:00","dateModified":"2023-06-07T12:28:21+00:00","description":"Eventos especiales. Nuestro espacio ofrece un entorno que envolver\u00e1 a sus invitados en un ambiente \u00fanico que har\u00e1 de su evento una experiencia inolvidable.","breadcrumb":{"@id":"https:\/\/bodegadelossecretos.com\/en\/gifts\/#breadcrumb"},"inLanguage":"en-US","potentialAction":[{"@type":"ReadAction","target":["https:\/\/bodegadelossecretos.com\/en\/gifts\/"]}]},{"@type":"BreadcrumbList","@id":"https:\/\/bodegadelossecretos.com\/en\/gifts\/#breadcrumb","itemListElement":[{"@type":"ListItem","position":1,"name":"Portada","item":"https:\/\/bodegadelossecretos.com\/en\/"},{"@type":"ListItem","position":2,"name":"Gifts"}]},{"@type":"WebSite","@id":"https:\/\/bodegadelossecretos.com\/#website","url":"https:\/\/bodegadelossecretos.com\/","name":"Bodega de los Secretos","description":"Restaurante en el centro de Madrid","potentialAction":[{"@type":"SearchAction","target":{"@type":"EntryPoint","urlTemplate":"https:\/\/bodegadelossecretos.com\/?s={search_term_string}"},"query-input":{"@type":"PropertyValueSpecification","valueRequired":true,"valueName":"search_term_string"}}],"inLanguage":"en-US"}]}},"_links":{"self":[{"href":"https:\/\/bodegadelossecretos.com\/en\/wp-json\/wp\/v2\/pages\/13746","targetHints":{"allow":["GET"]}}],"collection":[{"href":"https:\/\/bodegadelossecretos.com\/en\/wp-json\/wp\/v2\/pages"}],"about":[{"href":"https:\/\/bodegadelossecretos.com\/en\/wp-json\/wp\/v2\/types\/page"}],"author":[{"embeddable":true,"href":"https:\/\/bodegadelossecretos.com\/en\/wp-json\/wp\/v2\/users\/1"}],"replies":[{"embeddable":true,"href":"https:\/\/bodegadelossecretos.com\/en\/wp-json\/wp\/v2\/comments?post=13746"}],"version-history":[{"count":0,"href":"https:\/\/bodegadelossecretos.com\/en\/wp-json\/wp\/v2\/pages\/13746\/revisions"}],"wp:attachment":[{"href":"https:\/\/bodegadelossecretos.com\/en\/wp-json\/wp\/v2\/media?parent=13746"}],"curies":[{"name":"wp","href":"https:\/\/api.w.org\/{rel}","templated":true}]}}